{"id":51,"date":"2026-05-08T21:14:34","date_gmt":"2026-05-08T19:14:34","guid":{"rendered":"https:\/\/wachterkriszti.hu\/?page_id=51"},"modified":"2026-05-08T21:14:34","modified_gmt":"2026-05-08T19:14:34","slug":"idopontfoglalasi-szabalyzat","status":"publish","type":"page","link":"https:\/\/wachterkriszti.hu\/de\/idopontfoglalasi-szabalyzat\/","title":{"rendered":"Id\u0151pontfoglal\u00e1si szab\u00e1lyzat"},"content":{"rendered":"","protected":false},"excerpt":{"rendered":"","protected":false},"author":2,"featured_media":0,"parent":0,"menu_order":0,"comment_status":"closed","ping_status":"closed","template":"page-idopontfoglalasi-szabalyzat.php","meta":{"footnotes":""},"class_list":["post-51","page","type-page","status-publish","hentry"],"_links":{"self":[{"href":"https:\/\/wachterkriszti.hu\/de\/wp-json\/wp\/v2\/pages\/51","targetHints":{"allow":["GET"]}}],"collection":[{"href":"https:\/\/wachterkriszti.hu\/de\/wp-json\/wp\/v2\/pages"}],"about":[{"href":"https:\/\/wachterkriszti.hu\/de\/wp-json\/wp\/v2\/types\/page"}],"author":[{"embeddable":true,"href":"https:\/\/wachterkriszti.hu\/de\/wp-json\/wp\/v2\/users\/2"}],"replies":[{"embeddable":true,"href":"https:\/\/wachterkriszti.hu\/de\/wp-json\/wp\/v2\/comments?post=51"}],"version-history":[{"count":1,"href":"https:\/\/wachterkriszti.hu\/de\/wp-json\/wp\/v2\/pages\/51\/revisions"}],"predecessor-version":[{"id":52,"href":"https:\/\/wachterkriszti.hu\/de\/wp-json\/wp\/v2\/pages\/51\/revisions\/52"}],"wp:attachment":[{"href":"https:\/\/wachterkriszti.hu\/de\/wp-json\/wp\/v2\/media?parent=51"}],"curies":[{"name":"wp","href":"https:\/\/api.w.org\/{rel}","templated":true}]}}